{"id":697,"date":"2023-07-07T11:37:59","date_gmt":"2023-07-07T09:37:59","guid":{"rendered":"http:\/\/guardlogic.home.pl\/sherlock\/?page_id=697"},"modified":"2023-07-11T12:22:00","modified_gmt":"2023-07-11T10:22:00","slug":"polityka-prywatnosci-2","status":"publish","type":"page","link":"http:\/\/dreryk.guardlogic.pl\/index.php\/polityka-prywatnosci-2\/","title":{"rendered":"Polityka Prywatno\u015bci"},"content":{"rendered":"<p>GuardLogic SC szanuje Pa\u0144stwa prawo do prywatno\u015b\u0107. Stosujemy odpowiednie rozwi\u0105zania \u00a0techniczne oraz organizacyjne zapobiegaj\u0105ce ingerencji w prywatno\u015b\u0107 Pa\u0144stwa przez osoby trzecie.<\/p>\n<p>Podejmuj\u0105c dzia\u0142ania\u00a0stosujemy si\u0119 do wymog\u00f3w\u00a0<a role=\"link\" href=\"https:\/\/uodo.gov.pl\/pl\/404\/224\" target=\"_blank\" rel=\"noreferrer noopener\">Rozporz\u0105dzenia Parlamentu Europejskiego i Rady (UE) 2016\/679 z dnia 27 kwietnia 2016 r<\/a>. w sprawie ochrony os\u00f3b fizycznych w zwi\u0105zku z przetwarzaniem danych osobowych i w sprawie swobodnego przep\u0142ywu takich danych oraz uchylenia dyrektywy 95\/46\/WE (w skr\u00f3cie zwane \u201eog\u00f3lnym rozporz\u0105dzeniem o ochronie danych\u201d \u2013 RODO) opublikowane w Dzienniku Urz\u0119dowym Unii Europejskiej L119\/1.<\/p>\n<p>[wc_accordion collapse=&#8221;0&#8243; leaveopen=&#8221;0&#8243; layout=&#8221;box&#8221;]<\/p>\n<p>[wc_accordion_section title=&#8221;Jakie dane s\u0105 zbierane kiedy odwiedzasz strony zarejestrowane w domenie Guardlogic.pl?&#8221;]<br \/>\nOdwiedzaj\u0105c nasze strony internetowe, serwer WWW rejestruje przychodz\u0105cy ruch w logach. Przyk\u0142adowe informacje jakie gromadzone s\u0105 we wspomnianych plikach to np:<\/p>\n<ul>\n<li>adres publiczny IP komputera \/ sieci z kt\u00f3rej odwiedzano nasze strony,<\/li>\n<li>nazwa stacji klienta \u2013 identyfikacja realizowana przez protok\u00f3\u0142 HTTP o ile jest mo\u017cliwa,<\/li>\n<li>nazwa u\u017cytkownika podawana w procesie autoryzacji &#8211; dotyczy stron wymagaj\u0105cych autoryzacji,<\/li>\n<li>czas (data, godzina) wej\u015bcia na stron\u0119,<\/li>\n<li>pierwszy wiersz \u017c\u0105dania HTTP,<\/li>\n<li>kod odpowiedzi HTTP,<\/li>\n<li>liczb\u0119 wys\u0142anych przez serwer bajt\u00f3w,<\/li>\n<li>adres URL strony poprzednio odwiedzanej przez u\u017cytkownika (referer link) \u2013 w przypadku gdy przej\u015bcie do strony Guardlogic nast\u0105pi\u0142o przez odno\u015bnik,<\/li>\n<li>informacje o przegl\u0105darce u\u017cytkownika,<\/li>\n<li>informacje o b\u0142\u0119dach, jakie nast\u0105pi\u0142y przy realizacji transakcji HTTP.<\/li>\n<\/ul>\n<p>[\/wc_accordion_section]<\/p>\n<p>[wc_accordion collapse=&#8221;0&#8243; leaveopen=&#8221;0&#8243; layout=&#8221;box&#8221;]<\/p>\n<p>[wc_accordion_section title=&#8221;Czy zebrane dane pozwalaj\u0105 na ich skojarzenie z konkretnym u\u017cytkownikiem?&#8221;]<\/p>\n<p>Nie. Pozyskane dane nie s\u0105 kojarzone z konkretnymi osobami przegl\u0105daj\u0105cymi strony serwis\u00f3w GuardLogic. POdlegaj\u0105 jednak okresowemu przegl\u0105dowi, kt\u00f3rego celem jest analiza przychodz\u0105cego ruchu, wy\u0142apywanie b\u0142\u0119dnych odno\u015bnik\u00f3w etc.<\/p>\n<p>[\/wc_accordion_section]<\/p>\n<p>[wc_accordion collapse=&#8221;0&#8243; leaveopen=&#8221;0&#8243; layout=&#8221;box&#8221;]<\/p>\n<p>[wc_accordion_section title=&#8221;Do czego s\u0105 wykorzystywane dane?&#8221;]<\/p>\n<p>Zbierane dane wykorzystywane s\u0105 przez administrator\u00f3w do weryfikacji pracy serwera &#8211; np: wydajno\u015bci.<\/p>\n<p>Jak wspomniano powy\u017cej s\u0105 r\u00f3wnie\u017c pomocne przy detekcji b\u0142\u0119d\u00f3w na stronach \u00a0jak r\u00f3wnie\u017c ilo\u015bci odwiedzin serwisu przez Klient\u00f3w, kierowanych zapyta\u0144 etc.<\/p>\n<p>[\/wc_accordion_section]<\/p>\n<p>[wc_accordion collapse=&#8221;0&#8243; leaveopen=&#8221;0&#8243; layout=&#8221;box&#8221;]<\/p>\n<p>[wc_accordion_section title=&#8221;Czy serwisy korzystaj\u0105 z plik\u00f3w cookie&#8217;s?&#8221;]<\/p>\n<p>Serwis korzysta z plik\u00f3w cookies. Szczeg\u00f3\u0142y znajdziesz w <a href=\"http:\/\/guardlogic.home.pl\/sherlock\/index.php\/polityka-cookies\/\">Polityce cookies.<\/a><br \/>\n[\/wc_accordion_section]<\/p>\n<p>[wc_accordion collapse=&#8221;0&#8243; leaveopen=&#8221;0&#8243; layout=&#8221;box&#8221;]<\/p>\n<p>[wc_accordion_section title=&#8221;Co jest \u017ar\u00f3d\u0142em informacji zamieszczanych na stronach GuardLogic?&#8221;]<\/p>\n<p>Wiele zamieszczanych tre\u015bci jest wyniki popracowa\u0107 i poszukiwa\u0144 GuardLogic. Staramy si\u0119 r\u00f3wnie\u017c zamieszcza\u0107 na naszych stronach wa\u017cne naszym zdaniem informacje dla naszych Klient\u00f3w. \u00a0Takie wpisy cz\u0119sto odsy\u0142a do \u017ar\u00f3de\u0142 wiadomo\u015bci &#8211; innych stron internetowych. W takich przypadkach GuardLogic nie ponosi odpowiedzialno\u015bci za zasady zachowania prywatno\u015bci obowi\u0105zuj\u0105ce na tych stronach oraz za stosowan\u0105 na nich polityk\u0119 prywatno\u015bci.<br \/>\n[\/wc_accordion_section]<\/p>\n<p>[\/wc_accordion]<\/p>\n","protected":false},"excerpt":{"rendered":"<p>GuardLogic SC szanuje Pa\u0144stwa prawo do prywatno\u015b\u0107. Stosujemy odpowiednie rozwi\u0105zania \u00a0techniczne oraz organizacyjne zapobiegaj\u0105ce ingerencji w prywatno\u015b\u0107 Pa\u0144stwa przez osoby trzecie. Podejmuj\u0105c dzia\u0142ania\u00a0stosujemy si\u0119 do wymog\u00f3w\u00a0Rozporz\u0105dzenia Parlamentu Europejskiego i Rady (UE) 2016\/679 z dnia 27 kwietnia 2016 r. w sprawie ochrony os\u00f3b fizycznych w zwi\u0105zku z przetwarzaniem danych osobowych i w sprawie swobodnego przep\u0142ywu takich &hellip; <a href=\"http:\/\/dreryk.guardlogic.pl\/index.php\/polityka-prywatnosci-2\/\" class=\"more-link\">Kontynuuj czytanie<span class=\"screen-reader-text\"> &#8222;Polityka Prywatno\u015bci&#8221;<\/span><\/a><\/p>\n","protected":false},"author":1,"featured_media":0,"parent":0,"menu_order":0,"comment_status":"closed","ping_status":"closed","template":"","meta":{"footnotes":""},"class_list":["post-697","page","type-page","status-publish","hentry"],"yoast_head":"<!-- This site is optimized with the Yoast SEO plugin v27.4 - https:\/\/yoast.com\/product\/yoast-seo-wordpress\/ -->\n<title>Polityka Prywatno\u015bci - Wspieramy Wyzwania<\/title>\n<meta name=\"robots\" content=\"index, follow, max-snippet:-1, max-image-preview:large, max-video-preview:-1\" \/>\n<link rel=\"canonical\" href=\"http:\/\/dreryk.guardlogic.pl\/index.php\/polityka-prywatnosci-2\/\" \/>\n<meta property=\"og:locale\" content=\"pl_PL\" \/>\n<meta property=\"og:type\" content=\"article\" \/>\n<meta property=\"og:title\" content=\"Polityka Prywatno\u015bci - Wspieramy Wyzwania\" \/>\n<meta property=\"og:description\" content=\"GuardLogic SC szanuje Pa\u0144stwa prawo do prywatno\u015b\u0107. Stosujemy odpowiednie rozwi\u0105zania \u00a0techniczne oraz organizacyjne zapobiegaj\u0105ce ingerencji w prywatno\u015b\u0107 Pa\u0144stwa przez osoby trzecie. Podejmuj\u0105c dzia\u0142ania\u00a0stosujemy si\u0119 do wymog\u00f3w\u00a0Rozporz\u0105dzenia Parlamentu Europejskiego i Rady (UE) 2016\/679 z dnia 27 kwietnia 2016 r. w sprawie ochrony os\u00f3b fizycznych w zwi\u0105zku z przetwarzaniem danych osobowych i w sprawie swobodnego przep\u0142ywu takich &hellip; Kontynuuj czytanie &quot;Polityka Prywatno\u015bci&quot;\" \/>\n<meta property=\"og:url\" content=\"http:\/\/dreryk.guardlogic.pl\/index.php\/polityka-prywatnosci-2\/\" \/>\n<meta property=\"og:site_name\" content=\"Wspieramy Wyzwania\" \/>\n<meta property=\"article:modified_time\" content=\"2023-07-11T10:22:00+00:00\" \/>\n<meta name=\"twitter:card\" content=\"summary_large_image\" \/>\n<meta name=\"twitter:label1\" content=\"Szacowany czas czytania\" \/>\n\t<meta name=\"twitter:data1\" content=\"3 minuty\" \/>\n<script type=\"application\/ld+json\" class=\"yoast-schema-graph\">{\"@context\":\"https:\\\/\\\/schema.org\",\"@graph\":[{\"@type\":\"WebPage\",\"@id\":\"http:\\\/\\\/dreryk.guardlogic.pl\\\/index.php\\\/polityka-prywatnosci-2\\\/\",\"url\":\"http:\\\/\\\/dreryk.guardlogic.pl\\\/index.php\\\/polityka-prywatnosci-2\\\/\",\"name\":\"Polityka Prywatno\u015bci - Wspieramy Wyzwania\",\"isPartOf\":{\"@id\":\"http:\\\/\\\/dreryk.guardlogic.pl\\\/#website\"},\"datePublished\":\"2023-07-07T09:37:59+00:00\",\"dateModified\":\"2023-07-11T10:22:00+00:00\",\"breadcrumb\":{\"@id\":\"http:\\\/\\\/dreryk.guardlogic.pl\\\/index.php\\\/polityka-prywatnosci-2\\\/#breadcrumb\"},\"inLanguage\":\"pl-PL\",\"potentialAction\":[{\"@type\":\"ReadAction\",\"target\":[\"http:\\\/\\\/dreryk.guardlogic.pl\\\/index.php\\\/polityka-prywatnosci-2\\\/\"]}]},{\"@type\":\"BreadcrumbList\",\"@id\":\"http:\\\/\\\/dreryk.guardlogic.pl\\\/index.php\\\/polityka-prywatnosci-2\\\/#breadcrumb\",\"itemListElement\":[{\"@type\":\"ListItem\",\"position\":1,\"name\":\"Strona g\u0142\u00f3wna\",\"item\":\"http:\\\/\\\/dreryk.guardlogic.pl\\\/\"},{\"@type\":\"ListItem\",\"position\":2,\"name\":\"Polityka Prywatno\u015bci\"}]},{\"@type\":\"WebSite\",\"@id\":\"http:\\\/\\\/dreryk.guardlogic.pl\\\/#website\",\"url\":\"http:\\\/\\\/dreryk.guardlogic.pl\\\/\",\"name\":\"Wspieramy Wyzwania\",\"description\":\"Witryna prezentuje us\u0142ugi GuardLogic zwi\u0105zane z oprogramowaniem zdreryk\",\"publisher\":{\"@id\":\"http:\\\/\\\/dreryk.guardlogic.pl\\\/#organization\"},\"potentialAction\":[{\"@type\":\"SearchAction\",\"target\":{\"@type\":\"EntryPoint\",\"urlTemplate\":\"http:\\\/\\\/dreryk.guardlogic.pl\\\/?s={search_term_string}\"},\"query-input\":{\"@type\":\"PropertyValueSpecification\",\"valueRequired\":true,\"valueName\":\"search_term_string\"}}],\"inLanguage\":\"pl-PL\"},{\"@type\":\"Organization\",\"@id\":\"http:\\\/\\\/dreryk.guardlogic.pl\\\/#organization\",\"name\":\"Wspieramy Wyzwania\",\"url\":\"http:\\\/\\\/dreryk.guardlogic.pl\\\/\",\"logo\":{\"@type\":\"ImageObject\",\"inLanguage\":\"pl-PL\",\"@id\":\"http:\\\/\\\/dreryk.guardlogic.pl\\\/#\\\/schema\\\/logo\\\/image\\\/\",\"url\":\"http:\\\/\\\/dreryk.guardlogic.pl\\\/wp-content\\\/uploads\\\/2018\\\/08\\\/logo.jpg\",\"contentUrl\":\"http:\\\/\\\/dreryk.guardlogic.pl\\\/wp-content\\\/uploads\\\/2018\\\/08\\\/logo.jpg\",\"width\":378,\"height\":210,\"caption\":\"Wspieramy Wyzwania\"},\"image\":{\"@id\":\"http:\\\/\\\/dreryk.guardlogic.pl\\\/#\\\/schema\\\/logo\\\/image\\\/\"}}]}<\/script>\n<!-- \/ Yoast SEO plugin. -->","yoast_head_json":{"title":"Polityka Prywatno\u015bci - Wspieramy Wyzwania","robots":{"index":"index","follow":"follow","max-snippet":"max-snippet:-1","max-image-preview":"max-image-preview:large","max-video-preview":"max-video-preview:-1"},"canonical":"http:\/\/dreryk.guardlogic.pl\/index.php\/polityka-prywatnosci-2\/","og_locale":"pl_PL","og_type":"article","og_title":"Polityka Prywatno\u015bci - Wspieramy Wyzwania","og_description":"GuardLogic SC szanuje Pa\u0144stwa prawo do prywatno\u015b\u0107. Stosujemy odpowiednie rozwi\u0105zania \u00a0techniczne oraz organizacyjne zapobiegaj\u0105ce ingerencji w prywatno\u015b\u0107 Pa\u0144stwa przez osoby trzecie. Podejmuj\u0105c dzia\u0142ania\u00a0stosujemy si\u0119 do wymog\u00f3w\u00a0Rozporz\u0105dzenia Parlamentu Europejskiego i Rady (UE) 2016\/679 z dnia 27 kwietnia 2016 r. w sprawie ochrony os\u00f3b fizycznych w zwi\u0105zku z przetwarzaniem danych osobowych i w sprawie swobodnego przep\u0142ywu takich &hellip; Kontynuuj czytanie \"Polityka Prywatno\u015bci\"","og_url":"http:\/\/dreryk.guardlogic.pl\/index.php\/polityka-prywatnosci-2\/","og_site_name":"Wspieramy Wyzwania","article_modified_time":"2023-07-11T10:22:00+00:00","twitter_card":"summary_large_image","twitter_misc":{"Szacowany czas czytania":"3 minuty"},"schema":{"@context":"https:\/\/schema.org","@graph":[{"@type":"WebPage","@id":"http:\/\/dreryk.guardlogic.pl\/index.php\/polityka-prywatnosci-2\/","url":"http:\/\/dreryk.guardlogic.pl\/index.php\/polityka-prywatnosci-2\/","name":"Polityka Prywatno\u015bci - Wspieramy Wyzwania","isPartOf":{"@id":"http:\/\/dreryk.guardlogic.pl\/#website"},"datePublished":"2023-07-07T09:37:59+00:00","dateModified":"2023-07-11T10:22:00+00:00","breadcrumb":{"@id":"http:\/\/dreryk.guardlogic.pl\/index.php\/polityka-prywatnosci-2\/#breadcrumb"},"inLanguage":"pl-PL","potentialAction":[{"@type":"ReadAction","target":["http:\/\/dreryk.guardlogic.pl\/index.php\/polityka-prywatnosci-2\/"]}]},{"@type":"BreadcrumbList","@id":"http:\/\/dreryk.guardlogic.pl\/index.php\/polityka-prywatnosci-2\/#breadcrumb","itemListElement":[{"@type":"ListItem","position":1,"name":"Strona g\u0142\u00f3wna","item":"http:\/\/dreryk.guardlogic.pl\/"},{"@type":"ListItem","position":2,"name":"Polityka Prywatno\u015bci"}]},{"@type":"WebSite","@id":"http:\/\/dreryk.guardlogic.pl\/#website","url":"http:\/\/dreryk.guardlogic.pl\/","name":"Wspieramy Wyzwania","description":"Witryna prezentuje us\u0142ugi GuardLogic zwi\u0105zane z oprogramowaniem zdreryk","publisher":{"@id":"http:\/\/dreryk.guardlogic.pl\/#organization"},"potentialAction":[{"@type":"SearchAction","target":{"@type":"EntryPoint","urlTemplate":"http:\/\/dreryk.guardlogic.pl\/?s={search_term_string}"},"query-input":{"@type":"PropertyValueSpecification","valueRequired":true,"valueName":"search_term_string"}}],"inLanguage":"pl-PL"},{"@type":"Organization","@id":"http:\/\/dreryk.guardlogic.pl\/#organization","name":"Wspieramy Wyzwania","url":"http:\/\/dreryk.guardlogic.pl\/","logo":{"@type":"ImageObject","inLanguage":"pl-PL","@id":"http:\/\/dreryk.guardlogic.pl\/#\/schema\/logo\/image\/","url":"http:\/\/dreryk.guardlogic.pl\/wp-content\/uploads\/2018\/08\/logo.jpg","contentUrl":"http:\/\/dreryk.guardlogic.pl\/wp-content\/uploads\/2018\/08\/logo.jpg","width":378,"height":210,"caption":"Wspieramy Wyzwania"},"image":{"@id":"http:\/\/dreryk.guardlogic.pl\/#\/schema\/logo\/image\/"}}]}},"_links":{"self":[{"href":"http:\/\/dreryk.guardlogic.pl\/index.php\/wp-json\/wp\/v2\/pages\/697","targetHints":{"allow":["GET"]}}],"collection":[{"href":"http:\/\/dreryk.guardlogic.pl\/index.php\/wp-json\/wp\/v2\/pages"}],"about":[{"href":"http:\/\/dreryk.guardlogic.pl\/index.php\/wp-json\/wp\/v2\/types\/page"}],"author":[{"embeddable":true,"href":"http:\/\/dreryk.guardlogic.pl\/index.php\/wp-json\/wp\/v2\/users\/1"}],"replies":[{"embeddable":true,"href":"http:\/\/dreryk.guardlogic.pl\/index.php\/wp-json\/wp\/v2\/comments?post=697"}],"version-history":[{"count":11,"href":"http:\/\/dreryk.guardlogic.pl\/index.php\/wp-json\/wp\/v2\/pages\/697\/revisions"}],"predecessor-version":[{"id":876,"href":"http:\/\/dreryk.guardlogic.pl\/index.php\/wp-json\/wp\/v2\/pages\/697\/revisions\/876"}],"wp:attachment":[{"href":"http:\/\/dreryk.guardlogic.pl\/index.php\/wp-json\/wp\/v2\/media?parent=697"}],"curies":[{"name":"wp","href":"https:\/\/api.w.org\/{rel}","templated":true}]}}