{"id":681,"date":"2023-07-06T17:44:17","date_gmt":"2023-07-06T15:44:17","guid":{"rendered":"http:\/\/guardlogic.home.pl\/sherlock\/?page_id=681"},"modified":"2023-07-07T10:46:57","modified_gmt":"2023-07-07T08:46:57","slug":"polityka-cookies","status":"publish","type":"page","link":"http:\/\/dreryk.guardlogic.pl\/index.php\/polityka-cookies\/","title":{"rendered":"Polityka cookie&#8217;s"},"content":{"rendered":"\t\t<div data-elementor-type=\"wp-page\" data-elementor-id=\"681\" class=\"elementor elementor-681\">\n\t\t\t\t\t\t<section class=\"elementor-section elementor-top-section elementor-element elementor-element-3cd2c28 elementor-section-boxed elementor-section-height-default elementor-section-height-default\" data-id=\"3cd2c28\" data-element_type=\"section\" data-e-type=\"section\">\n\t\t\t\t\t\t<div class=\"elementor-container elementor-column-gap-default\">\n\t\t\t\t\t<div class=\"elementor-column elementor-col-100 elementor-top-column elementor-element elementor-element-7ca6e3a\" data-id=\"7ca6e3a\" data-element_type=\"column\" data-e-type=\"column\">\n\t\t\t<div class=\"elementor-widget-wrap elementor-element-populated\">\n\t\t\t\t\t\t<div class=\"elementor-element elementor-element-bbf78ef elementor-widget elementor-widget-heading\" data-id=\"bbf78ef\" data-element_type=\"widget\" data-e-type=\"widget\" data-widget_type=\"heading.default\">\n\t\t\t\t<div class=\"elementor-widget-container\">\n\t\t\t\t\t<h2 class=\"elementor-heading-title elementor-size-default\"><span style=\"font-weight: 400;letter-spacing: normal;white-space: normal;font-size: medium\">P<\/span><b><span style=\"letter-spacing: normal;white-space: normal;font-size: medium\">o<\/span><span style=\"letter-spacing: normal;white-space: normal;font-size: medium\">lityka cookie's<\/span><\/b><\/h2>\t\t\t\t<\/div>\n\t\t\t\t<\/div>\n\t\t\t\t\t<\/div>\n\t\t<\/div>\n\t\t\t\t\t<\/div>\n\t\t<\/section>\n\t\t\t\t<section class=\"elementor-section elementor-top-section elementor-element elementor-element-903c045 elementor-section-boxed elementor-section-height-default elementor-section-height-default\" data-id=\"903c045\" data-element_type=\"section\" data-e-type=\"section\">\n\t\t\t\t\t\t<div class=\"elementor-container elementor-column-gap-default\">\n\t\t\t\t\t<div class=\"elementor-column elementor-col-100 elementor-top-column elementor-element elementor-element-7c8076a\" data-id=\"7c8076a\" data-element_type=\"column\" data-e-type=\"column\">\n\t\t\t<div class=\"elementor-widget-wrap elementor-element-populated\">\n\t\t\t\t\t\t<div class=\"elementor-element elementor-element-569e752 elementor-view-default elementor-widget elementor-widget-icon\" data-id=\"569e752\" data-element_type=\"widget\" data-e-type=\"widget\" data-widget_type=\"icon.default\">\n\t\t\t\t<div class=\"elementor-widget-container\">\n\t\t\t\t\t\t\t<div class=\"elementor-icon-wrapper\">\n\t\t\t<div class=\"elementor-icon\">\n\t\t\t<i aria-hidden=\"true\" class=\"fas fa-cookie-bite\"><\/i>\t\t\t<\/div>\n\t\t<\/div>\n\t\t\t\t\t\t<\/div>\n\t\t\t\t<\/div>\n\t\t\t\t\t<\/div>\n\t\t<\/div>\n\t\t\t\t\t<\/div>\n\t\t<\/section>\n\t\t\t\t<section class=\"elementor-section elementor-top-section elementor-element elementor-element-69c021d0 elementor-section-boxed elementor-section-height-default elementor-section-height-default\" data-id=\"69c021d0\" data-element_type=\"section\" data-e-type=\"section\">\n\t\t\t\t\t\t<div class=\"elementor-container elementor-column-gap-default\">\n\t\t\t\t\t<div class=\"elementor-column elementor-col-100 elementor-top-column elementor-element elementor-element-47d588e9\" data-id=\"47d588e9\" data-element_type=\"column\" data-e-type=\"column\">\n\t\t\t<div class=\"elementor-widget-wrap elementor-element-populated\">\n\t\t\t\t\t\t<div class=\"elementor-element elementor-element-7120fc5c elementor-widget elementor-widget-text-editor\" data-id=\"7120fc5c\" data-element_type=\"widget\" data-e-type=\"widget\" data-widget_type=\"text-editor.default\">\n\t\t\t\t<div class=\"elementor-widget-container\">\n\t\t\t\t\t\t\t\t\t<p><\/p>\n<p><strong>Uwaga!<\/strong><\/p>\n<p><\/p>\n<p><\/p>\n<p>Wykorzystujemy pliki cookies. Korzystaj\u0105c z naszych stron internetowych w domenie guardlogic.pl wyra\u017casz zgod\u0119 na wykorzystanie przez nas plik\u00f3w cookies w celach statystycznych.<\/p>\n<p><\/p>\n<p><\/p>\n<p><strong>Czym s\u0105 pliki \u201ecookies\u201d?<\/strong><\/p>\n<p><\/p>\n<p><\/p>\n<p>Cookies to niewielka informacja tekstowa, wysy\u0142ana przez serwer i zapisywana w urz\u0105dzeniu ko\u0144cowym (np. komputerze), kt\u00f3ra mo\u017ce by\u0107 odczytana jedynie przez ten serwer. Cookies nie zawieraj\u0105 danych personalnych, ani nie powoduj\u0105 zmian konfiguracyjnych w Twoim urz\u0105dzeniu ko\u0144cowym i jego oprogramowaniu. Ponadto masz mo\u017cliwo\u015b\u0107 okre\u015blenia warunk\u00f3w przechowywania i uzyskania dost\u0119pu do Cookies za pomoc\u0105 ustawie\u0144 oprogramowania zainstalowanego na Twoim urz\u0105dzeniu ko\u0144cowym lub konfiguracji us\u0142ugi (np. poprzez zmian\u0119 ustawie\u0144 Twojej przegl\u0105darki internetowej).<\/p>\n<p><\/p>\n<p><\/p>\n<p><strong>Zarz\u0105dzanie plikami \u201ecookies\u201d<\/strong><\/p>\n<p><\/p>\n<p><\/p>\n<p>Standardowo przegl\u0105darki internetowe pozwalaj\u0105 na zapisywanie plik\u00f3w \u201ecookies\u201d.<\/p>\n<p><\/p>\n<p><\/p>\n<p>Ka\u017cdy u\u017cytkownik internetu mo\u017ce zrezygnowa\u0107 z zapisywania plik\u00f3w \u201ecookies\u201d na swoim urz\u0105dzeniu oraz usun\u0105\u0107 wszystkie zebrane wcze\u015bniej informacje.<\/p>\n<p><\/p>\n<p><\/p>\n<p>Szczeg\u00f3\u0142owe informacje o sposobie obs\u0142ugi plik\u00f3w \u201ecookies\u201d dost\u0119pne s\u0105 w ustawieniach u\u017cywanej przegl\u0105darki internetowej.<\/p>\n<p><\/p>\n<p><\/p>\n<p>Ograniczenie stosowania plik\u00f3w \u201ecookies\u201d, mo\u017ce wp\u0142yn\u0105\u0107 na niekt\u00f3re funkcjonalno\u015bci dost\u0119pne na stronie internetowej.<\/p>\t\t\t\t\t\t\t\t<\/div>\n\t\t\t\t<\/div>\n\t\t\t\t\t<\/div>\n\t\t<\/div>\n\t\t\t\t\t<\/div>\n\t\t<\/section>\n\t\t\t\t<\/div>\n\t\t","protected":false},"excerpt":{"rendered":"<p>Polityka cookie&#8217;s Uwaga! Wykorzystujemy pliki cookies. Korzystaj\u0105c z naszych stron internetowych w domenie guardlogic.pl wyra\u017casz zgod\u0119 na wykorzystanie przez nas plik\u00f3w cookies w celach statystycznych. Czym s\u0105 pliki \u201ecookies\u201d? Cookies to niewielka informacja tekstowa, wysy\u0142ana przez serwer i zapisywana w urz\u0105dzeniu ko\u0144cowym (np. komputerze), kt\u00f3ra mo\u017ce by\u0107 odczytana jedynie przez ten serwer. Cookies nie zawieraj\u0105 &hellip; <a href=\"http:\/\/dreryk.guardlogic.pl\/index.php\/polityka-cookies\/\" class=\"more-link\">Kontynuuj czytanie<span class=\"screen-reader-text\"> &#8222;Polityka cookie&#8217;s&#8221;<\/span><\/a><\/p>\n","protected":false},"author":1,"featured_media":0,"parent":0,"menu_order":0,"comment_status":"closed","ping_status":"closed","template":"","meta":{"footnotes":""},"class_list":["post-681","page","type-page","status-publish","hentry"],"yoast_head":"<!-- This site is optimized with the Yoast SEO plugin v27.5 - https:\/\/yoast.com\/product\/yoast-seo-wordpress\/ -->\n<title>Polityka cookie&#039;s - Wspieramy Wyzwania<\/title>\n<meta name=\"robots\" content=\"index, follow, max-snippet:-1, max-image-preview:large, max-video-preview:-1\" \/>\n<link rel=\"canonical\" href=\"http:\/\/dreryk.guardlogic.pl\/index.php\/polityka-cookies\/\" \/>\n<meta property=\"og:locale\" content=\"pl_PL\" \/>\n<meta property=\"og:type\" content=\"article\" \/>\n<meta property=\"og:title\" content=\"Polityka cookie&#039;s - Wspieramy Wyzwania\" \/>\n<meta property=\"og:description\" content=\"Polityka cookie&#8217;s Uwaga! Wykorzystujemy pliki cookies. Korzystaj\u0105c z naszych stron internetowych w domenie guardlogic.pl wyra\u017casz zgod\u0119 na wykorzystanie przez nas plik\u00f3w cookies w celach statystycznych. Czym s\u0105 pliki \u201ecookies\u201d? Cookies to niewielka informacja tekstowa, wysy\u0142ana przez serwer i zapisywana w urz\u0105dzeniu ko\u0144cowym (np. komputerze), kt\u00f3ra mo\u017ce by\u0107 odczytana jedynie przez ten serwer. Cookies nie zawieraj\u0105 &hellip; Kontynuuj czytanie &quot;Polityka cookie&#8217;s&quot;\" \/>\n<meta property=\"og:url\" content=\"http:\/\/dreryk.guardlogic.pl\/index.php\/polityka-cookies\/\" \/>\n<meta property=\"og:site_name\" content=\"Wspieramy Wyzwania\" \/>\n<meta property=\"article:modified_time\" content=\"2023-07-07T08:46:57+00:00\" \/>\n<meta name=\"twitter:card\" content=\"summary_large_image\" \/>\n<meta name=\"twitter:label1\" content=\"Szacowany czas czytania\" \/>\n\t<meta name=\"twitter:data1\" content=\"1 minuta\" \/>\n<script type=\"application\/ld+json\" class=\"yoast-schema-graph\">{\"@context\":\"https:\\\/\\\/schema.org\",\"@graph\":[{\"@type\":\"WebPage\",\"@id\":\"http:\\\/\\\/dreryk.guardlogic.pl\\\/index.php\\\/polityka-cookies\\\/\",\"url\":\"http:\\\/\\\/dreryk.guardlogic.pl\\\/index.php\\\/polityka-cookies\\\/\",\"name\":\"Polityka cookie's - Wspieramy Wyzwania\",\"isPartOf\":{\"@id\":\"http:\\\/\\\/dreryk.guardlogic.pl\\\/#website\"},\"datePublished\":\"2023-07-06T15:44:17+00:00\",\"dateModified\":\"2023-07-07T08:46:57+00:00\",\"breadcrumb\":{\"@id\":\"http:\\\/\\\/dreryk.guardlogic.pl\\\/index.php\\\/polityka-cookies\\\/#breadcrumb\"},\"inLanguage\":\"pl-PL\",\"potentialAction\":[{\"@type\":\"ReadAction\",\"target\":[\"http:\\\/\\\/dreryk.guardlogic.pl\\\/index.php\\\/polityka-cookies\\\/\"]}]},{\"@type\":\"BreadcrumbList\",\"@id\":\"http:\\\/\\\/dreryk.guardlogic.pl\\\/index.php\\\/polityka-cookies\\\/#breadcrumb\",\"itemListElement\":[{\"@type\":\"ListItem\",\"position\":1,\"name\":\"Strona g\u0142\u00f3wna\",\"item\":\"http:\\\/\\\/dreryk.guardlogic.pl\\\/\"},{\"@type\":\"ListItem\",\"position\":2,\"name\":\"Polityka cookie&#8217;s\"}]},{\"@type\":\"WebSite\",\"@id\":\"http:\\\/\\\/dreryk.guardlogic.pl\\\/#website\",\"url\":\"http:\\\/\\\/dreryk.guardlogic.pl\\\/\",\"name\":\"Wspieramy Wyzwania\",\"description\":\"Witryna prezentuje us\u0142ugi GuardLogic zwi\u0105zane z oprogramowaniem zdreryk\",\"publisher\":{\"@id\":\"http:\\\/\\\/dreryk.guardlogic.pl\\\/#organization\"},\"potentialAction\":[{\"@type\":\"SearchAction\",\"target\":{\"@type\":\"EntryPoint\",\"urlTemplate\":\"http:\\\/\\\/dreryk.guardlogic.pl\\\/?s={search_term_string}\"},\"query-input\":{\"@type\":\"PropertyValueSpecification\",\"valueRequired\":true,\"valueName\":\"search_term_string\"}}],\"inLanguage\":\"pl-PL\"},{\"@type\":\"Organization\",\"@id\":\"http:\\\/\\\/dreryk.guardlogic.pl\\\/#organization\",\"name\":\"Wspieramy Wyzwania\",\"url\":\"http:\\\/\\\/dreryk.guardlogic.pl\\\/\",\"logo\":{\"@type\":\"ImageObject\",\"inLanguage\":\"pl-PL\",\"@id\":\"http:\\\/\\\/dreryk.guardlogic.pl\\\/#\\\/schema\\\/logo\\\/image\\\/\",\"url\":\"http:\\\/\\\/dreryk.guardlogic.pl\\\/wp-content\\\/uploads\\\/2018\\\/08\\\/logo.jpg\",\"contentUrl\":\"http:\\\/\\\/dreryk.guardlogic.pl\\\/wp-content\\\/uploads\\\/2018\\\/08\\\/logo.jpg\",\"width\":378,\"height\":210,\"caption\":\"Wspieramy Wyzwania\"},\"image\":{\"@id\":\"http:\\\/\\\/dreryk.guardlogic.pl\\\/#\\\/schema\\\/logo\\\/image\\\/\"}}]}<\/script>\n<!-- \/ Yoast SEO plugin. -->","yoast_head_json":{"title":"Polityka cookie's - Wspieramy Wyzwania","robots":{"index":"index","follow":"follow","max-snippet":"max-snippet:-1","max-image-preview":"max-image-preview:large","max-video-preview":"max-video-preview:-1"},"canonical":"http:\/\/dreryk.guardlogic.pl\/index.php\/polityka-cookies\/","og_locale":"pl_PL","og_type":"article","og_title":"Polityka cookie's - Wspieramy Wyzwania","og_description":"Polityka cookie&#8217;s Uwaga! Wykorzystujemy pliki cookies. Korzystaj\u0105c z naszych stron internetowych w domenie guardlogic.pl wyra\u017casz zgod\u0119 na wykorzystanie przez nas plik\u00f3w cookies w celach statystycznych. Czym s\u0105 pliki \u201ecookies\u201d? Cookies to niewielka informacja tekstowa, wysy\u0142ana przez serwer i zapisywana w urz\u0105dzeniu ko\u0144cowym (np. komputerze), kt\u00f3ra mo\u017ce by\u0107 odczytana jedynie przez ten serwer. Cookies nie zawieraj\u0105 &hellip; Kontynuuj czytanie \"Polityka cookie&#8217;s\"","og_url":"http:\/\/dreryk.guardlogic.pl\/index.php\/polityka-cookies\/","og_site_name":"Wspieramy Wyzwania","article_modified_time":"2023-07-07T08:46:57+00:00","twitter_card":"summary_large_image","twitter_misc":{"Szacowany czas czytania":"1 minuta"},"schema":{"@context":"https:\/\/schema.org","@graph":[{"@type":"WebPage","@id":"http:\/\/dreryk.guardlogic.pl\/index.php\/polityka-cookies\/","url":"http:\/\/dreryk.guardlogic.pl\/index.php\/polityka-cookies\/","name":"Polityka cookie's - Wspieramy Wyzwania","isPartOf":{"@id":"http:\/\/dreryk.guardlogic.pl\/#website"},"datePublished":"2023-07-06T15:44:17+00:00","dateModified":"2023-07-07T08:46:57+00:00","breadcrumb":{"@id":"http:\/\/dreryk.guardlogic.pl\/index.php\/polityka-cookies\/#breadcrumb"},"inLanguage":"pl-PL","potentialAction":[{"@type":"ReadAction","target":["http:\/\/dreryk.guardlogic.pl\/index.php\/polityka-cookies\/"]}]},{"@type":"BreadcrumbList","@id":"http:\/\/dreryk.guardlogic.pl\/index.php\/polityka-cookies\/#breadcrumb","itemListElement":[{"@type":"ListItem","position":1,"name":"Strona g\u0142\u00f3wna","item":"http:\/\/dreryk.guardlogic.pl\/"},{"@type":"ListItem","position":2,"name":"Polityka cookie&#8217;s"}]},{"@type":"WebSite","@id":"http:\/\/dreryk.guardlogic.pl\/#website","url":"http:\/\/dreryk.guardlogic.pl\/","name":"Wspieramy Wyzwania","description":"Witryna prezentuje us\u0142ugi GuardLogic zwi\u0105zane z oprogramowaniem zdreryk","publisher":{"@id":"http:\/\/dreryk.guardlogic.pl\/#organization"},"potentialAction":[{"@type":"SearchAction","target":{"@type":"EntryPoint","urlTemplate":"http:\/\/dreryk.guardlogic.pl\/?s={search_term_string}"},"query-input":{"@type":"PropertyValueSpecification","valueRequired":true,"valueName":"search_term_string"}}],"inLanguage":"pl-PL"},{"@type":"Organization","@id":"http:\/\/dreryk.guardlogic.pl\/#organization","name":"Wspieramy Wyzwania","url":"http:\/\/dreryk.guardlogic.pl\/","logo":{"@type":"ImageObject","inLanguage":"pl-PL","@id":"http:\/\/dreryk.guardlogic.pl\/#\/schema\/logo\/image\/","url":"http:\/\/dreryk.guardlogic.pl\/wp-content\/uploads\/2018\/08\/logo.jpg","contentUrl":"http:\/\/dreryk.guardlogic.pl\/wp-content\/uploads\/2018\/08\/logo.jpg","width":378,"height":210,"caption":"Wspieramy Wyzwania"},"image":{"@id":"http:\/\/dreryk.guardlogic.pl\/#\/schema\/logo\/image\/"}}]}},"_links":{"self":[{"href":"http:\/\/dreryk.guardlogic.pl\/index.php\/wp-json\/wp\/v2\/pages\/681","targetHints":{"allow":["GET"]}}],"collection":[{"href":"http:\/\/dreryk.guardlogic.pl\/index.php\/wp-json\/wp\/v2\/pages"}],"about":[{"href":"http:\/\/dreryk.guardlogic.pl\/index.php\/wp-json\/wp\/v2\/types\/page"}],"author":[{"embeddable":true,"href":"http:\/\/dreryk.guardlogic.pl\/index.php\/wp-json\/wp\/v2\/users\/1"}],"replies":[{"embeddable":true,"href":"http:\/\/dreryk.guardlogic.pl\/index.php\/wp-json\/wp\/v2\/comments?post=681"}],"version-history":[{"count":9,"href":"http:\/\/dreryk.guardlogic.pl\/index.php\/wp-json\/wp\/v2\/pages\/681\/revisions"}],"predecessor-version":[{"id":710,"href":"http:\/\/dreryk.guardlogic.pl\/index.php\/wp-json\/wp\/v2\/pages\/681\/revisions\/710"}],"wp:attachment":[{"href":"http:\/\/dreryk.guardlogic.pl\/index.php\/wp-json\/wp\/v2\/media?parent=681"}],"curies":[{"name":"wp","href":"https:\/\/api.w.org\/{rel}","templated":true}]}}