{"id":36,"date":"2018-08-11T14:44:55","date_gmt":"2018-08-11T12:44:55","guid":{"rendered":"http:\/\/guardlogic.home.pl\/sherlock\/?page_id=36"},"modified":"2023-06-26T13:57:42","modified_gmt":"2023-06-26T11:57:42","slug":"dane-kontaktowe","status":"publish","type":"page","link":"http:\/\/dreryk.guardlogic.pl\/index.php\/dane-kontaktowe\/","title":{"rendered":"Dane kontaktowe"},"content":{"rendered":"\n<h3 class=\"wp-block-heading\">GuardLogic SC<\/h3>\n\n\n\n<p>ul.Pomorska 370 a<\/p>\n\n\n\n<p>92-735, \u0141\u00f3d\u017a<\/p>\n\n\n\n<p>Telefon: +48 42 209 35 86\u00a0<\/p>\n\n\n\n<p><\/p>\n\n\n\n<p>NIP: 728-26-35-947 &nbsp; REGON: 100271747<\/p>\n\n\n\n<p>Adres email :&nbsp;<strong>dreryk@guardlogic.pl<\/strong><\/p>\n","protected":false},"excerpt":{"rendered":"<p>GuardLogic SC ul.Pomorska 370 a 92-735, \u0141\u00f3d\u017a Telefon: +48 42 209 35 86\u00a0 NIP: 728-26-35-947 &nbsp; REGON: 100271747 Adres email :&nbsp;dreryk@guardlogic.pl<\/p>\n","protected":false},"author":1,"featured_media":0,"parent":0,"menu_order":0,"comment_status":"closed","ping_status":"closed","template":"","meta":{"footnotes":""},"class_list":["post-36","page","type-page","status-publish","hentry"],"yoast_head":"<!-- This site is optimized with the Yoast SEO plugin v27.4 - https:\/\/yoast.com\/product\/yoast-seo-wordpress\/ -->\n<title>Dane kontaktowe - Wspieramy Wyzwania<\/title>\n<meta name=\"robots\" content=\"index, follow, max-snippet:-1, max-image-preview:large, max-video-preview:-1\" \/>\n<link rel=\"canonical\" href=\"http:\/\/dreryk.guardlogic.pl\/index.php\/dane-kontaktowe\/\" \/>\n<meta property=\"og:locale\" content=\"pl_PL\" \/>\n<meta property=\"og:type\" content=\"article\" \/>\n<meta property=\"og:title\" content=\"Dane kontaktowe - Wspieramy Wyzwania\" \/>\n<meta property=\"og:description\" content=\"GuardLogic SC ul.Pomorska 370 a 92-735, \u0141\u00f3d\u017a Telefon: +48 42 209 35 86\u00a0 NIP: 728-26-35-947 &nbsp; REGON: 100271747 Adres email :&nbsp;dreryk@guardlogic.pl\" \/>\n<meta property=\"og:url\" content=\"http:\/\/dreryk.guardlogic.pl\/index.php\/dane-kontaktowe\/\" \/>\n<meta property=\"og:site_name\" content=\"Wspieramy Wyzwania\" \/>\n<meta property=\"article:modified_time\" content=\"2023-06-26T11:57:42+00:00\" \/>\n<meta name=\"twitter:card\" content=\"summary_large_image\" \/>\n<script type=\"application\/ld+json\" class=\"yoast-schema-graph\">{\"@context\":\"https:\\\/\\\/schema.org\",\"@graph\":[{\"@type\":\"WebPage\",\"@id\":\"http:\\\/\\\/dreryk.guardlogic.pl\\\/index.php\\\/dane-kontaktowe\\\/\",\"url\":\"http:\\\/\\\/dreryk.guardlogic.pl\\\/index.php\\\/dane-kontaktowe\\\/\",\"name\":\"Dane kontaktowe - Wspieramy Wyzwania\",\"isPartOf\":{\"@id\":\"http:\\\/\\\/dreryk.guardlogic.pl\\\/#website\"},\"datePublished\":\"2018-08-11T12:44:55+00:00\",\"dateModified\":\"2023-06-26T11:57:42+00:00\",\"breadcrumb\":{\"@id\":\"http:\\\/\\\/dreryk.guardlogic.pl\\\/index.php\\\/dane-kontaktowe\\\/#breadcrumb\"},\"inLanguage\":\"pl-PL\",\"potentialAction\":[{\"@type\":\"ReadAction\",\"target\":[\"http:\\\/\\\/dreryk.guardlogic.pl\\\/index.php\\\/dane-kontaktowe\\\/\"]}]},{\"@type\":\"BreadcrumbList\",\"@id\":\"http:\\\/\\\/dreryk.guardlogic.pl\\\/index.php\\\/dane-kontaktowe\\\/#breadcrumb\",\"itemListElement\":[{\"@type\":\"ListItem\",\"position\":1,\"name\":\"Strona g\u0142\u00f3wna\",\"item\":\"http:\\\/\\\/dreryk.guardlogic.pl\\\/\"},{\"@type\":\"ListItem\",\"position\":2,\"name\":\"Dane kontaktowe\"}]},{\"@type\":\"WebSite\",\"@id\":\"http:\\\/\\\/dreryk.guardlogic.pl\\\/#website\",\"url\":\"http:\\\/\\\/dreryk.guardlogic.pl\\\/\",\"name\":\"Wspieramy Wyzwania\",\"description\":\"Witryna prezentuje us\u0142ugi GuardLogic zwi\u0105zane z oprogramowaniem zdreryk\",\"publisher\":{\"@id\":\"http:\\\/\\\/dreryk.guardlogic.pl\\\/#organization\"},\"potentialAction\":[{\"@type\":\"SearchAction\",\"target\":{\"@type\":\"EntryPoint\",\"urlTemplate\":\"http:\\\/\\\/dreryk.guardlogic.pl\\\/?s={search_term_string}\"},\"query-input\":{\"@type\":\"PropertyValueSpecification\",\"valueRequired\":true,\"valueName\":\"search_term_string\"}}],\"inLanguage\":\"pl-PL\"},{\"@type\":\"Organization\",\"@id\":\"http:\\\/\\\/dreryk.guardlogic.pl\\\/#organization\",\"name\":\"Wspieramy Wyzwania\",\"url\":\"http:\\\/\\\/dreryk.guardlogic.pl\\\/\",\"logo\":{\"@type\":\"ImageObject\",\"inLanguage\":\"pl-PL\",\"@id\":\"http:\\\/\\\/dreryk.guardlogic.pl\\\/#\\\/schema\\\/logo\\\/image\\\/\",\"url\":\"http:\\\/\\\/dreryk.guardlogic.pl\\\/wp-content\\\/uploads\\\/2018\\\/08\\\/logo.jpg\",\"contentUrl\":\"http:\\\/\\\/dreryk.guardlogic.pl\\\/wp-content\\\/uploads\\\/2018\\\/08\\\/logo.jpg\",\"width\":378,\"height\":210,\"caption\":\"Wspieramy Wyzwania\"},\"image\":{\"@id\":\"http:\\\/\\\/dreryk.guardlogic.pl\\\/#\\\/schema\\\/logo\\\/image\\\/\"}}]}<\/script>\n<!-- \/ Yoast SEO plugin. -->","yoast_head_json":{"title":"Dane kontaktowe - Wspieramy Wyzwania","robots":{"index":"index","follow":"follow","max-snippet":"max-snippet:-1","max-image-preview":"max-image-preview:large","max-video-preview":"max-video-preview:-1"},"canonical":"http:\/\/dreryk.guardlogic.pl\/index.php\/dane-kontaktowe\/","og_locale":"pl_PL","og_type":"article","og_title":"Dane kontaktowe - Wspieramy Wyzwania","og_description":"GuardLogic SC ul.Pomorska 370 a 92-735, \u0141\u00f3d\u017a Telefon: +48 42 209 35 86\u00a0 NIP: 728-26-35-947 &nbsp; REGON: 100271747 Adres email :&nbsp;dreryk@guardlogic.pl","og_url":"http:\/\/dreryk.guardlogic.pl\/index.php\/dane-kontaktowe\/","og_site_name":"Wspieramy Wyzwania","article_modified_time":"2023-06-26T11:57:42+00:00","twitter_card":"summary_large_image","schema":{"@context":"https:\/\/schema.org","@graph":[{"@type":"WebPage","@id":"http:\/\/dreryk.guardlogic.pl\/index.php\/dane-kontaktowe\/","url":"http:\/\/dreryk.guardlogic.pl\/index.php\/dane-kontaktowe\/","name":"Dane kontaktowe - Wspieramy Wyzwania","isPartOf":{"@id":"http:\/\/dreryk.guardlogic.pl\/#website"},"datePublished":"2018-08-11T12:44:55+00:00","dateModified":"2023-06-26T11:57:42+00:00","breadcrumb":{"@id":"http:\/\/dreryk.guardlogic.pl\/index.php\/dane-kontaktowe\/#breadcrumb"},"inLanguage":"pl-PL","potentialAction":[{"@type":"ReadAction","target":["http:\/\/dreryk.guardlogic.pl\/index.php\/dane-kontaktowe\/"]}]},{"@type":"BreadcrumbList","@id":"http:\/\/dreryk.guardlogic.pl\/index.php\/dane-kontaktowe\/#breadcrumb","itemListElement":[{"@type":"ListItem","position":1,"name":"Strona g\u0142\u00f3wna","item":"http:\/\/dreryk.guardlogic.pl\/"},{"@type":"ListItem","position":2,"name":"Dane kontaktowe"}]},{"@type":"WebSite","@id":"http:\/\/dreryk.guardlogic.pl\/#website","url":"http:\/\/dreryk.guardlogic.pl\/","name":"Wspieramy Wyzwania","description":"Witryna prezentuje us\u0142ugi GuardLogic zwi\u0105zane z oprogramowaniem zdreryk","publisher":{"@id":"http:\/\/dreryk.guardlogic.pl\/#organization"},"potentialAction":[{"@type":"SearchAction","target":{"@type":"EntryPoint","urlTemplate":"http:\/\/dreryk.guardlogic.pl\/?s={search_term_string}"},"query-input":{"@type":"PropertyValueSpecification","valueRequired":true,"valueName":"search_term_string"}}],"inLanguage":"pl-PL"},{"@type":"Organization","@id":"http:\/\/dreryk.guardlogic.pl\/#organization","name":"Wspieramy Wyzwania","url":"http:\/\/dreryk.guardlogic.pl\/","logo":{"@type":"ImageObject","inLanguage":"pl-PL","@id":"http:\/\/dreryk.guardlogic.pl\/#\/schema\/logo\/image\/","url":"http:\/\/dreryk.guardlogic.pl\/wp-content\/uploads\/2018\/08\/logo.jpg","contentUrl":"http:\/\/dreryk.guardlogic.pl\/wp-content\/uploads\/2018\/08\/logo.jpg","width":378,"height":210,"caption":"Wspieramy Wyzwania"},"image":{"@id":"http:\/\/dreryk.guardlogic.pl\/#\/schema\/logo\/image\/"}}]}},"_links":{"self":[{"href":"http:\/\/dreryk.guardlogic.pl\/index.php\/wp-json\/wp\/v2\/pages\/36","targetHints":{"allow":["GET"]}}],"collection":[{"href":"http:\/\/dreryk.guardlogic.pl\/index.php\/wp-json\/wp\/v2\/pages"}],"about":[{"href":"http:\/\/dreryk.guardlogic.pl\/index.php\/wp-json\/wp\/v2\/types\/page"}],"author":[{"embeddable":true,"href":"http:\/\/dreryk.guardlogic.pl\/index.php\/wp-json\/wp\/v2\/users\/1"}],"replies":[{"embeddable":true,"href":"http:\/\/dreryk.guardlogic.pl\/index.php\/wp-json\/wp\/v2\/comments?post=36"}],"version-history":[{"count":2,"href":"http:\/\/dreryk.guardlogic.pl\/index.php\/wp-json\/wp\/v2\/pages\/36\/revisions"}],"predecessor-version":[{"id":218,"href":"http:\/\/dreryk.guardlogic.pl\/index.php\/wp-json\/wp\/v2\/pages\/36\/revisions\/218"}],"wp:attachment":[{"href":"http:\/\/dreryk.guardlogic.pl\/index.php\/wp-json\/wp\/v2\/media?parent=36"}],"curies":[{"name":"wp","href":"https:\/\/api.w.org\/{rel}","templated":true}]}}