{"id":221,"date":"2023-06-26T14:02:47","date_gmt":"2023-06-26T12:02:47","guid":{"rendered":"http:\/\/guardlogic.home.pl\/sherlock\/?page_id=221"},"modified":"2023-07-06T15:12:27","modified_gmt":"2023-07-06T13:12:27","slug":"certyfikaty-p1","status":"publish","type":"page","link":"http:\/\/dreryk.guardlogic.pl\/index.php\/certyfikaty-p1\/","title":{"rendered":"Certyfikaty P1"},"content":{"rendered":"<p>Ko\u0144czy si\u0119 2 letni okres obowi\u0105zywania certyfikat\u00f3w do Platformy P1. Jak odnowi\u0107 &#8211; <a href=\"https:\/\/oilkrakow.pl\/konczy-sie-waznosc-certyfikatow-p1\/\" target=\"_blank\" rel=\"noopener\">czytaj np: na tej stronie<\/a>.<\/p>\n<p>Uwaga! Je\u015bli nie u\u017cytkowa\u0142e\u015b rejestru od momentu poprzedniej generacji, zmieni\u0142y si\u0119 zasady logowania. O powy\u017cszych zmianach mo\u017cna przeczyta\u0107 np: <a href=\"https:\/\/www.rynekzdrowia.pl\/E-zdrowie\/W-lipcu-zmieni-sie-sposob-logowania-do-systemu-RPWDL-CEZ-przypomina-o-zasadach,246811,7.html\">na tej stronie<\/a>.<\/p>\n","protected":false},"excerpt":{"rendered":"<p>Ko\u0144czy si\u0119 2 letni okres obowi\u0105zywania certyfikat\u00f3w do Platformy P1. Jak odnowi\u0107 &#8211; czytaj np: na tej stronie. Uwaga! Je\u015bli nie u\u017cytkowa\u0142e\u015b rejestru od momentu poprzedniej generacji, zmieni\u0142y si\u0119 zasady logowania. O powy\u017cszych zmianach mo\u017cna przeczyta\u0107 np: na tej stronie.<\/p>\n","protected":false},"author":1,"featured_media":0,"parent":0,"menu_order":0,"comment_status":"closed","ping_status":"closed","template":"","meta":{"footnotes":""},"class_list":["post-221","page","type-page","status-publish","hentry"],"yoast_head":"<!-- This site is optimized with the Yoast SEO plugin v27.4 - https:\/\/yoast.com\/product\/yoast-seo-wordpress\/ -->\n<title>Certyfikaty P1 - Wspieramy Wyzwania<\/title>\n<meta name=\"robots\" content=\"index, follow, max-snippet:-1, max-image-preview:large, max-video-preview:-1\" \/>\n<link rel=\"canonical\" href=\"http:\/\/dreryk.guardlogic.pl\/index.php\/certyfikaty-p1\/\" \/>\n<meta property=\"og:locale\" content=\"pl_PL\" \/>\n<meta property=\"og:type\" content=\"article\" \/>\n<meta property=\"og:title\" content=\"Certyfikaty P1 - Wspieramy Wyzwania\" \/>\n<meta property=\"og:description\" content=\"Ko\u0144czy si\u0119 2 letni okres obowi\u0105zywania certyfikat\u00f3w do Platformy P1. Jak odnowi\u0107 &#8211; czytaj np: na tej stronie. Uwaga! Je\u015bli nie u\u017cytkowa\u0142e\u015b rejestru od momentu poprzedniej generacji, zmieni\u0142y si\u0119 zasady logowania. O powy\u017cszych zmianach mo\u017cna przeczyta\u0107 np: na tej stronie.\" \/>\n<meta property=\"og:url\" content=\"http:\/\/dreryk.guardlogic.pl\/index.php\/certyfikaty-p1\/\" \/>\n<meta property=\"og:site_name\" content=\"Wspieramy Wyzwania\" \/>\n<meta property=\"article:modified_time\" content=\"2023-07-06T13:12:27+00:00\" \/>\n<meta name=\"twitter:card\" content=\"summary_large_image\" \/>\n<meta name=\"twitter:label1\" content=\"Szacowany czas czytania\" \/>\n\t<meta name=\"twitter:data1\" content=\"1 minuta\" \/>\n<script type=\"application\/ld+json\" class=\"yoast-schema-graph\">{\"@context\":\"https:\\\/\\\/schema.org\",\"@graph\":[{\"@type\":\"WebPage\",\"@id\":\"http:\\\/\\\/dreryk.guardlogic.pl\\\/index.php\\\/certyfikaty-p1\\\/\",\"url\":\"http:\\\/\\\/dreryk.guardlogic.pl\\\/index.php\\\/certyfikaty-p1\\\/\",\"name\":\"Certyfikaty P1 - Wspieramy Wyzwania\",\"isPartOf\":{\"@id\":\"http:\\\/\\\/dreryk.guardlogic.pl\\\/#website\"},\"datePublished\":\"2023-06-26T12:02:47+00:00\",\"dateModified\":\"2023-07-06T13:12:27+00:00\",\"breadcrumb\":{\"@id\":\"http:\\\/\\\/dreryk.guardlogic.pl\\\/index.php\\\/certyfikaty-p1\\\/#breadcrumb\"},\"inLanguage\":\"pl-PL\",\"potentialAction\":[{\"@type\":\"ReadAction\",\"target\":[\"http:\\\/\\\/dreryk.guardlogic.pl\\\/index.php\\\/certyfikaty-p1\\\/\"]}]},{\"@type\":\"BreadcrumbList\",\"@id\":\"http:\\\/\\\/dreryk.guardlogic.pl\\\/index.php\\\/certyfikaty-p1\\\/#breadcrumb\",\"itemListElement\":[{\"@type\":\"ListItem\",\"position\":1,\"name\":\"Strona g\u0142\u00f3wna\",\"item\":\"http:\\\/\\\/dreryk.guardlogic.pl\\\/\"},{\"@type\":\"ListItem\",\"position\":2,\"name\":\"Certyfikaty P1\"}]},{\"@type\":\"WebSite\",\"@id\":\"http:\\\/\\\/dreryk.guardlogic.pl\\\/#website\",\"url\":\"http:\\\/\\\/dreryk.guardlogic.pl\\\/\",\"name\":\"Wspieramy Wyzwania\",\"description\":\"Witryna prezentuje us\u0142ugi GuardLogic zwi\u0105zane z oprogramowaniem zdreryk\",\"publisher\":{\"@id\":\"http:\\\/\\\/dreryk.guardlogic.pl\\\/#organization\"},\"potentialAction\":[{\"@type\":\"SearchAction\",\"target\":{\"@type\":\"EntryPoint\",\"urlTemplate\":\"http:\\\/\\\/dreryk.guardlogic.pl\\\/?s={search_term_string}\"},\"query-input\":{\"@type\":\"PropertyValueSpecification\",\"valueRequired\":true,\"valueName\":\"search_term_string\"}}],\"inLanguage\":\"pl-PL\"},{\"@type\":\"Organization\",\"@id\":\"http:\\\/\\\/dreryk.guardlogic.pl\\\/#organization\",\"name\":\"Wspieramy Wyzwania\",\"url\":\"http:\\\/\\\/dreryk.guardlogic.pl\\\/\",\"logo\":{\"@type\":\"ImageObject\",\"inLanguage\":\"pl-PL\",\"@id\":\"http:\\\/\\\/dreryk.guardlogic.pl\\\/#\\\/schema\\\/logo\\\/image\\\/\",\"url\":\"http:\\\/\\\/dreryk.guardlogic.pl\\\/wp-content\\\/uploads\\\/2018\\\/08\\\/logo.jpg\",\"contentUrl\":\"http:\\\/\\\/dreryk.guardlogic.pl\\\/wp-content\\\/uploads\\\/2018\\\/08\\\/logo.jpg\",\"width\":378,\"height\":210,\"caption\":\"Wspieramy Wyzwania\"},\"image\":{\"@id\":\"http:\\\/\\\/dreryk.guardlogic.pl\\\/#\\\/schema\\\/logo\\\/image\\\/\"}}]}<\/script>\n<!-- \/ Yoast SEO plugin. -->","yoast_head_json":{"title":"Certyfikaty P1 - Wspieramy Wyzwania","robots":{"index":"index","follow":"follow","max-snippet":"max-snippet:-1","max-image-preview":"max-image-preview:large","max-video-preview":"max-video-preview:-1"},"canonical":"http:\/\/dreryk.guardlogic.pl\/index.php\/certyfikaty-p1\/","og_locale":"pl_PL","og_type":"article","og_title":"Certyfikaty P1 - Wspieramy Wyzwania","og_description":"Ko\u0144czy si\u0119 2 letni okres obowi\u0105zywania certyfikat\u00f3w do Platformy P1. Jak odnowi\u0107 &#8211; czytaj np: na tej stronie. Uwaga! Je\u015bli nie u\u017cytkowa\u0142e\u015b rejestru od momentu poprzedniej generacji, zmieni\u0142y si\u0119 zasady logowania. O powy\u017cszych zmianach mo\u017cna przeczyta\u0107 np: na tej stronie.","og_url":"http:\/\/dreryk.guardlogic.pl\/index.php\/certyfikaty-p1\/","og_site_name":"Wspieramy Wyzwania","article_modified_time":"2023-07-06T13:12:27+00:00","twitter_card":"summary_large_image","twitter_misc":{"Szacowany czas czytania":"1 minuta"},"schema":{"@context":"https:\/\/schema.org","@graph":[{"@type":"WebPage","@id":"http:\/\/dreryk.guardlogic.pl\/index.php\/certyfikaty-p1\/","url":"http:\/\/dreryk.guardlogic.pl\/index.php\/certyfikaty-p1\/","name":"Certyfikaty P1 - Wspieramy Wyzwania","isPartOf":{"@id":"http:\/\/dreryk.guardlogic.pl\/#website"},"datePublished":"2023-06-26T12:02:47+00:00","dateModified":"2023-07-06T13:12:27+00:00","breadcrumb":{"@id":"http:\/\/dreryk.guardlogic.pl\/index.php\/certyfikaty-p1\/#breadcrumb"},"inLanguage":"pl-PL","potentialAction":[{"@type":"ReadAction","target":["http:\/\/dreryk.guardlogic.pl\/index.php\/certyfikaty-p1\/"]}]},{"@type":"BreadcrumbList","@id":"http:\/\/dreryk.guardlogic.pl\/index.php\/certyfikaty-p1\/#breadcrumb","itemListElement":[{"@type":"ListItem","position":1,"name":"Strona g\u0142\u00f3wna","item":"http:\/\/dreryk.guardlogic.pl\/"},{"@type":"ListItem","position":2,"name":"Certyfikaty P1"}]},{"@type":"WebSite","@id":"http:\/\/dreryk.guardlogic.pl\/#website","url":"http:\/\/dreryk.guardlogic.pl\/","name":"Wspieramy Wyzwania","description":"Witryna prezentuje us\u0142ugi GuardLogic zwi\u0105zane z oprogramowaniem zdreryk","publisher":{"@id":"http:\/\/dreryk.guardlogic.pl\/#organization"},"potentialAction":[{"@type":"SearchAction","target":{"@type":"EntryPoint","urlTemplate":"http:\/\/dreryk.guardlogic.pl\/?s={search_term_string}"},"query-input":{"@type":"PropertyValueSpecification","valueRequired":true,"valueName":"search_term_string"}}],"inLanguage":"pl-PL"},{"@type":"Organization","@id":"http:\/\/dreryk.guardlogic.pl\/#organization","name":"Wspieramy Wyzwania","url":"http:\/\/dreryk.guardlogic.pl\/","logo":{"@type":"ImageObject","inLanguage":"pl-PL","@id":"http:\/\/dreryk.guardlogic.pl\/#\/schema\/logo\/image\/","url":"http:\/\/dreryk.guardlogic.pl\/wp-content\/uploads\/2018\/08\/logo.jpg","contentUrl":"http:\/\/dreryk.guardlogic.pl\/wp-content\/uploads\/2018\/08\/logo.jpg","width":378,"height":210,"caption":"Wspieramy Wyzwania"},"image":{"@id":"http:\/\/dreryk.guardlogic.pl\/#\/schema\/logo\/image\/"}}]}},"_links":{"self":[{"href":"http:\/\/dreryk.guardlogic.pl\/index.php\/wp-json\/wp\/v2\/pages\/221","targetHints":{"allow":["GET"]}}],"collection":[{"href":"http:\/\/dreryk.guardlogic.pl\/index.php\/wp-json\/wp\/v2\/pages"}],"about":[{"href":"http:\/\/dreryk.guardlogic.pl\/index.php\/wp-json\/wp\/v2\/types\/page"}],"author":[{"embeddable":true,"href":"http:\/\/dreryk.guardlogic.pl\/index.php\/wp-json\/wp\/v2\/users\/1"}],"replies":[{"embeddable":true,"href":"http:\/\/dreryk.guardlogic.pl\/index.php\/wp-json\/wp\/v2\/comments?post=221"}],"version-history":[{"count":2,"href":"http:\/\/dreryk.guardlogic.pl\/index.php\/wp-json\/wp\/v2\/pages\/221\/revisions"}],"predecessor-version":[{"id":224,"href":"http:\/\/dreryk.guardlogic.pl\/index.php\/wp-json\/wp\/v2\/pages\/221\/revisions\/224"}],"wp:attachment":[{"href":"http:\/\/dreryk.guardlogic.pl\/index.php\/wp-json\/wp\/v2\/media?parent=221"}],"curies":[{"name":"wp","href":"https:\/\/api.w.org\/{rel}","templated":true}]}}